{"id":61,"date":"2025-02-28T08:51:23","date_gmt":"2025-02-28T07:51:23","guid":{"rendered":"https:\/\/schody-loftowe.pl\/?page_id=61"},"modified":"2025-02-28T10:20:38","modified_gmt":"2025-02-28T09:20:38","slug":"polityka-prywatnosci-2","status":"publish","type":"page","link":"https:\/\/schody-loftowe.pl\/?page_id=61","title":{"rendered":"Polityka prywatno\u015bci"},"content":{"rendered":"\n<h2 class=\"wp-block-heading\">\u00a71. Informacje og\u00f3lne<\/h2>\n\n\n\n<p>Niniejsza Polityka Prywatno\u015bci okre\u015bla zasady przetwarzania danych osobowych oraz innych informacji dotycz\u0105cych u\u017cytkownik\u00f3w korzystaj\u0105cych z serwisu internetowego <a href=\"https:\/\/schody-loftowe.pl\">https:\/\/schody-loftowe.pl<\/a> (dalej zwanym &#8222;Serwisem&#8221;). Dokument ten zawiera wszelkie niezb\u0119dne informacje zgodne z wymogami RODO, kt\u00f3re osoby, kt\u00f3rych dane dotycz\u0105, powinny otrzyma\u0107. Polityka wyja\u015bnia spos\u00f3b gromadzenia, przetwarzania i ochrony danych osobowych.<\/p>\n\n\n\n<h3 class=\"wp-block-heading\">\u00a72. Administrator danych osobowych<\/h3>\n\n\n\n<p>Podmiotem odpowiedzialnym za przetwarzanie danych osobowych w ramach Serwisu jest firma Grin House Design sp. z o.o., kt\u00f3ra zarz\u0105dza stron\u0105 <a href=\"https:\/\/schody-loftowe.pl\">https:\/\/schody-loftowe.pl<\/a>. Administrator zapewnia wysoki poziom ochrony danych osobowych u\u017cytkownik\u00f3w odwiedzaj\u0105cych Serwis. Kontakt z administratorem mo\u017cna nawi\u0105za\u0107:<\/p>\n\n\n\n<p>Inspektor Ochrony Danych Osobowych:&nbsp;<strong>Monika Pietras<\/strong><\/p>\n\n\n\n<p>drog\u0105 korespondencyjn\u0105:<strong>&nbsp;Grin House Design sp. z o.o., adres: ul. Bia\u0142o\u0142\u0119cka 233A bud. B2, 03-253 Warszawa,<\/strong><\/p>\n\n\n\n<p>poczt\u0105 elektroniczn\u0105:<strong>&nbsp;kontakt@gdel.pl<\/strong><\/p>\n\n\n\n<p>telefonicznie:<strong>&nbsp;+ 48 504 072 855<\/strong><\/p>\n\n\n\n<h3 class=\"wp-block-heading\">\u00a73. Zakres przetwarzanych danych, cel i podstawa prawna<\/h3>\n\n\n\n<p>Podanie danych osobowych jest dobrowolne, ale konieczne do korzystania z niekt\u00f3rych funkcji Serwisu, w tym uzyskania wyceny, zawarcia i realizacji umowy.&nbsp;<\/p>\n\n\n\n<p>Zakres wymaganych danych: adres e-mail, imi\u0119 i nazwisko, numer telefonu.&nbsp;<\/p>\n\n\n\n<p>Dane te s\u0105 zbierane poprzez formularze kontaktowe w Serwisie oraz podczas komunikacji za po\u015brednictwem e-maila, telefonu, poczty tradycyjnej i innych kana\u0142\u00f3w kontaktu.&nbsp;<\/p>\n\n\n\n<p>Ponadto Serwis mo\u017ce automatycznie gromadzi\u0107 nast\u0119puj\u0105ce informacje: adres IP, odwiedzane strony w Serwisie, czas, cz\u0119stotliwo\u015b\u0107 i d\u0142ugo\u015b\u0107 wizyt, rodzaj przegl\u0105darki i systemu operacyjnego, dane dotycz\u0105ce urz\u0105dzenia (np. komputer osobisty, urz\u0105dzenie mobilne).&nbsp;<\/p>\n\n\n\n<p>Dane osobowe s\u0105 przetwarzane w celu:&nbsp;<\/p>\n\n\n\n<p>Realizacji umowy i us\u0142ug \u015bwiadczonych drog\u0105 elektroniczn\u0105.&nbsp;<\/p>\n\n\n\n<p>Zarz\u0105dzania i poprawy funkcjonalno\u015bci Serwisu.&nbsp;<\/p>\n\n\n\n<p>Udzielania odpowiedzi na zapytania i kontaktu z u\u017cytkownikami.&nbsp;<\/p>\n\n\n\n<p>Zapewnienia zgodno\u015bci z obowi\u0105zuj\u0105cymi przepisami prawnymi.&nbsp;<\/p>\n\n\n\n<p>Rozpatrywania skarg i roszcze\u0144.&nbsp;<\/p>\n\n\n\n<p>Podstaw\u0105 prawn\u0105 przetwarzania danych osobowych mo\u017ce by\u0107 zgoda u\u017cytkownika, konieczno\u015b\u0107 realizacji umowy, obowi\u0105zki prawne administratora lub jego prawnie uzasadniony interes.<\/p>\n\n\n\n<h3 class=\"wp-block-heading\">\u00a74. Prawa u\u017cytkownika<\/h3>\n\n\n\n<p>Ka\u017cda osoba, kt\u00f3rej dane dotycz\u0105, mo\u017ce skorzysta\u0107 z nast\u0119puj\u0105cych praw:&nbsp;<\/p>\n\n\n\n<p>dost\u0119pu do swoich danych,&nbsp;<\/p>\n\n\n\n<p>sprostowania nieprawid\u0142owych danych,&nbsp;<\/p>\n\n\n\n<p>usuni\u0119cia danych (\u201eprawo do bycia zapomnianym\u201d),&nbsp;<\/p>\n\n\n\n<p>ograniczenia przetwarzania danych, przenoszenia danych,&nbsp;<\/p>\n\n\n\n<p>sprzeciwu wobec przetwarzania,&nbsp;<\/p>\n\n\n\n<p>cofni\u0119cia zgody na przetwarzanie w dowolnym momencie.&nbsp;<\/p>\n\n\n\n<p>Administrator zobowi\u0105zuje si\u0119 do realizacji \u017c\u0105da\u0144 u\u017cytkownik\u00f3w bez zb\u0119dnej zw\u0142oki, maksymalnie w terminie jednego miesi\u0105ca.<\/p>\n\n\n\n<p>Masz tak\u017ce prawo wniesienia skargi do Prezesa Urz\u0119du Ochrony Danych Osobowych (na adres Urz\u0119du Ochrony Danych Osobowych, ul. Stawki 2, 00-193 Warszawa).&nbsp;<\/p>\n\n\n\n<p>Wi\u0119cej informacji w przedmiocie ochrony danych osobowych mog\u0105 Pa\u0144stwo otrzyma\u0107 na stronie internetowej Urz\u0119du Ochrony Danych Osobowych:&nbsp;<a href=\"https:\/\/www.uodo.gov.pl\/\" target=\"_blank\" rel=\"noreferrer noopener\"><u>www.uodo.gov.pl<\/u>&nbsp;<\/a><\/p>\n\n\n\n<p>Wszelkie pytania, wnioski i sugestie odnosz\u0105ce si\u0119 do ochrony Pa\u0144stwa prywatno\u015bci, w szczeg\u00f3lno\u015bci danych osobowych prosimy zg\u0142asza\u0107 na adres kontakt@gdel.pl b\u0105d\u017a telefonicznie pod numerem +48 504072855.<\/p>\n\n\n\n<p>Je\u017celi nie wyra\u017casz zgody na korzystanie przez nas z plik\u00f3w cookies albo chcesz ograniczy\u0107 zakres korzystania z plik\u00f3w cookies, mo\u017cesz zrezygnowa\u0107 z korzystania z naszej strony internetowej lub zmieni\u0107 ustawienia swojej przegl\u0105darki internetowej.<\/p>\n\n\n\n<p>Mo\u017cesz w ka\u017cdym czasie dokona\u0107 zmiany ustawie\u0144 przegl\u0105darki internetowej w zakresie plik\u00f3w cookies, w szczeg\u00f3lno\u015bci zablokowa\u0107 automatyczn\u0105 obs\u0142ug\u0119 plik\u00f3w cookies (w ca\u0142o\u015bci lub w cz\u0119\u015bci). Istnieje tak\u017ce mo\u017cliwo\u015b\u0107 zablokowania dzia\u0142ania Google Analytics przez u\u017cytkownika poprzez opcjonalny dodatek do przegl\u0105darki dost\u0119pnej pod adresem:&nbsp;<a href=\"https:\/\/tools.google.com\/dlpage\/gaoptout\" target=\"_blank\" rel=\"noreferrer noopener\">https:\/\/tools.google.com\/dlpage\/gaoptout<\/a>, kt\u00f3ry po zainstalowaniu i uaktywnieniu wy\u0142\u0105cza pomiary Google Analytics na wszystkich stronach wy\u015bwietlanych przez u\u017cytkownika. Wi\u0119cej informacji na temat mo\u017cliwo\u015bci i sposob\u00f3w obs\u0142ugi plik\u00f3w cookies dost\u0119pne jest w ustawieniach przegl\u0105darki internetowej, z kt\u00f3rej korzystasz.<\/p>\n\n\n\n<p>Musisz pami\u0119ta\u0107, \u017ce ograniczenie lub wy\u0142\u0105cznie stosowanych przez nas plik\u00f3w cookies mo\u017ce wp\u0142yn\u0105\u0107 na niekt\u00f3re funkcjonalno\u015bci, kt\u00f3re s\u0105 dost\u0119pne na naszej stronie internetowej.<\/p>\n\n\n\n<p>Wi\u0119cej szczeg\u00f3\u0142\u00f3w na temat mo\u017cliwo\u015bci zmiany ustawie\u0144 plik\u00f3w cookies mo\u017cesz uzyska\u0107 w menu swojej przegl\u0105darki internetowej w sekcji \u201dpomoc\u201d. Szczeg\u00f3\u0142owe informacje mo\u017cesz uzyska\u0107 odwiedzaj\u0105c na przyk\u0142ad poni\u017csze strony:<\/p>\n\n\n\n<p>Mozilla:&nbsp;<a href=\"https:\/\/support.mozilla.org\/pl\/kb\/usuwanie-ciasteczek\">https:\/\/support.mozilla.org\/pl\/kb\/usuwanie-ciasteczek<\/a><\/p>\n\n\n\n<p>Chrome:&nbsp;<a href=\"https:\/\/support.google.com\/chrome\/answer\/95647?hl=pl\">https:\/\/support.google.com\/chrome\/answer\/95647?hl=pl<\/a><\/p>\n\n\n\n<p>Internet Explorer:&nbsp;<a href=\"https:\/\/support.microsoft.com\/pl-pl\/help\/17442\/windows-internet-explorer-delete-manage-cookies#ie=ie-11\">https:\/\/support.microsoft.com\/pl-pl\/help\/17442\/windows-internet-explorer-delete-manage-cookies#ie=ie-11<\/a><\/p>\n\n\n\n<p>Safari:&nbsp;<a href=\"https:\/\/support.apple.com\/pl-pl\/guide\/safari\/sfri11471\/mac\">https:\/\/support.apple.com\/pl-pl\/guide\/safari\/sfri11471\/mac<\/a><\/p>\n\n\n\n<p>Opera:&nbsp;<a href=\"https:\/\/help.opera.com\/pl\/latest\/web-preferences\/\">https:\/\/help.opera.com\/pl\/latest\/web-preferences\/<\/a><\/p>\n\n\n\n<h3 class=\"wp-block-heading\">\u00a75. Odbiorcy danych oraz zamiar przekazywania danych do Pa\u0144stwa spoza EOG lub organizacji mi\u0119dzynarodowej<\/h3>\n\n\n\n<p>1. Odbiorc\u0105 Twoich danych osobowych s\u0105 podmioty: obs\u0142uguj\u0105ce hosting www, odpowiedzialne za obs\u0142ug\u0119 serwisu i system\u00f3w informatycznych, dostarczaj\u0105ce oprogramowanie do analizy ruchu na naszej stronie (np. Google Analytics);<\/p>\n\n\n\n<p>2. Podmiot dostarczaj\u0105cy oprogramowanie obs\u0142uguj\u0105ce konta u\u017cytkownik\u00f3w;<\/p>\n\n\n\n<p>3. Po\u015brednicy p\u0142atno\u015bci internetowych z kt\u00f3rych us\u0142ug korzystamy;<\/p>\n\n\n\n<p>4. Je\u015bli zapisa\u0142e\u015b si\u0119 na newsletter Twoje dane b\u0119d\u0105 przekazane do podmiotu prowadz\u0105cego nasz newsletter;<\/p>\n\n\n\n<p>5. Je\u015bli napisa\u0142e\u015b komentarz na stronie Twoje dane b\u0119d\u0105 przekazane do podmiotu obs\u0142uguj\u0105cego modu\u0142 komentarzy;<\/p>\n\n\n\n<p>Odbiorcy, kt\u00f3rym przekazujemy Dane Osobowe maj\u0105 siedzib\u0119 g\u0142\u00f3wnie w Polsce i w innych krajach Europejskiego Obszaru Gospodarczego (EOG). W przypadku korzystania z niekt\u00f3rych funkcjonalno\u015bci, Twoje Dane Osobowe mog\u0105 by\u0107 przekazywane do pa\u0144stw trzecich, tj. poza obszar EOG na podstawie Standardowych Klauzul Umownych dotycz\u0105cych przekazywania danych osobowych do pa\u0144stw trzecich. Regulaminy tych aplikacji zawieraj\u0105 standardowe klauzule umowne dotycz\u0105ce przekazywania danych do pa\u0144stw trzecich.<\/p>\n\n\n\n<h3 class=\"wp-block-heading\">\u00a76. Termin przechowywania danych<\/h3>\n\n\n\n<p>Nie jeste\u015bmy w stanie ustali\u0107 przez jaki okres przetwarza\u0107 b\u0119dziemy Twoje dane osobowe. Je\u015bli przekaza\u0142e\u015b nam swoje dane w formularzu lub wiadomo\u015bci e-mail w celach kontaktowych to Twoje dane b\u0119dziemy przetwarza\u0107 do momentu z\u0142o\u017cenia przez Ciebie \u017c\u0105dania usuni\u0119cia tych danych lub sprzeciwu wobec przetwarzania, ale r\u00f3wnie\u017c w przypadku, w kt\u00f3rym uznamy, \u017ce zrealizowali\u015bmy prawnie uzasadniony interes Administratora.<\/p>\n\n\n\n<h3 class=\"wp-block-heading\">\u00a77. Pliki cookies i technologie pokrewne<\/h3>\n\n\n\n<p>Serwis korzysta z plik\u00f3w cookies w celu zapewnienia prawid\u0142owego funkcjonowania strony, analizowania ruchu i dostosowywania tre\u015bci. U\u017cytkownik mo\u017ce zarz\u0105dza\u0107 ustawieniami cookies poprzez konfiguracj\u0119 swojej przegl\u0105darki.<\/p>\n\n\n\n<h3 class=\"wp-block-heading\">\u00a78. Postanowienia ko\u0144cowe<\/h3>\n\n\n\n<p>Administrator zastrzega sobie prawo do wprowadzania zmian w Polityce Prywatno\u015bci. Zmiany b\u0119d\u0105 publikowane w Serwisie i wchodz\u0105 w \u017cycie w dniu ich og\u0142oszenia.<\/p>\n\n\n\n<p>Dane przetwarzane s\u0105 zgodnie z aktualnie obowi\u0105zuj\u0105cymi przepisami prawa; tj. Rozporz\u0105dzeniem Parlamentu Europejskiego i Rady UE 2016\/679 z 27 kwietnia 2016 r. w sprawie ochrony os\u00f3b fizycznych w zwi\u0105zku z przetwarzaniem danych osobowych i w sprawie swobodnego przep\u0142ywu takich danych oraz uchylenia dyrektywy 95\/46\/WE (dalej: RODO), ustaw\u0105 z dnia 10 maja 2018 r. o ochronie danych, a tak\u017ce ustaw\u0105 z 18 lipca 2002 r. o \u015bwiadczeniu us\u0142ug drog\u0105 elektroniczn\u0105.<\/p>\n\n\n\n<p><strong>Ostatnia aktualizacja niniejszego dokumentu mia\u0142a miejsce dnia 28.02.2025 r.<\/strong><\/p>\n\n\n\n<p><strong>Rejestr bez zmian.<\/strong><\/p>\n\n\n\n<h3 class=\"wp-block-heading\">Pliki cookies<\/h3>\n\n\n\n<p>Aby usprawni\u0107 dzia\u0142anie strony, wykorzystywane s\u0105 pliki cookies \u2013 niewielkie pliki tekstowe przechowywane w przegl\u0105darce u\u017cytkownika lub na jego urz\u0105dzeniu. Ich zadaniem jest m.in. identyfikacja przegl\u0105darki, zapami\u0119tywanie preferencji oraz zapewnienie wygodniejszego korzystania z serwisu.&nbsp;<\/p>\n\n\n\n<p>Cookies pe\u0142ni\u0105 r\u00f3\u017cne funkcje, takie jak:&nbsp;<\/p>\n\n\n\n<p>&#8211; umo\u017cliwienie dost\u0119pu do poszczeg\u00f3lnych us\u0142ug strony,&nbsp;<\/p>\n\n\n\n<p>&#8211; poprawa wydajno\u015bci i bezpiecze\u0144stwa,&nbsp;<\/p>\n\n\n\n<p>&#8211; analiza sposobu korzystania z serwisu w celu jego optymalizacji,&nbsp;<\/p>\n\n\n\n<p>&#8211; dostosowanie tre\u015bci marketingowych.&nbsp;<\/p>\n\n\n\n<p>Wyr\u00f3\u017cnia si\u0119 nast\u0119puj\u0105ce rodzaje plik\u00f3w cookies:&nbsp;<\/p>\n\n\n\n<p><strong>Niezb\u0119dne<\/strong>&nbsp;\u2013 zapewniaj\u0105 prawid\u0142owe funkcjonowanie strony oraz jej kluczowych funkcji.&nbsp;<\/p>\n\n\n\n<p><strong>Funkcjonalne<\/strong>&nbsp;\u2013 pozwalaj\u0105 analizowa\u0107 zachowanie u\u017cytkownik\u00f3w, np. klikni\u0119cia w linki czy ustawienia przegl\u0105darki.&nbsp;<\/p>\n\n\n\n<p><strong>Reklamowe\/biznesowe<\/strong>&nbsp;\u2013 pomagaj\u0105 mierzy\u0107 skuteczno\u015b\u0107 kampanii marketingowych i dostosowywa\u0107 reklamy do preferencji u\u017cytkownik\u00f3w.<\/p>\n\n\n\n<p>Strona korzysta m.in. z Google Analytics do analizy ruchu oraz Google Ads do personalizowania reklam. Dane zbierane przez te narz\u0119dzia s\u0105 przetwarzane zgodnie z ich politykami prywatno\u015bci. U\u017cytkownik mo\u017ce zarz\u0105dza\u0107 ustawieniami cookies w swojej przegl\u0105darce, a tak\u017ce zablokowa\u0107 ich obs\u0142ug\u0119. Nale\u017cy jednak pami\u0119ta\u0107, \u017ce wy\u0142\u0105czenie plik\u00f3w cookies mo\u017ce wp\u0142yn\u0105\u0107 na funkcjonalno\u015b\u0107 strony.<\/p>\n\n\n\n<p><\/p>\n","protected":false},"excerpt":{"rendered":"<p>\u00a71. Informacje og\u00f3lne Niniejsza Polityka Prywatno\u015bci okre\u015bla zasady przetwarzania danych osobowych oraz innych informacji dotycz\u0105cych u\u017cytkownik\u00f3w korzystaj\u0105cych z serwisu internetowego https:\/\/schody-loftowe.pl (dalej zwanym &#8222;Serwisem&#8221;). Dokument ten zawiera wszelkie niezb\u0119dne informacje zgodne z wymogami RODO, kt\u00f3re osoby, kt\u00f3rych dane dotycz\u0105, powinny otrzyma\u0107. Polityka wyja\u015bnia spos\u00f3b gromadzenia, przetwarzania i ochrony danych osobowych. \u00a72. Administrator danych osobowych Podmiotem [&hellip;]<\/p>\n","protected":false},"author":1,"featured_media":0,"parent":0,"menu_order":0,"comment_status":"closed","ping_status":"closed","template":"","meta":{"footnotes":""},"class_list":["post-61","page","type-page","status-publish","hentry"],"aioseo_notices":[],"_links":{"self":[{"href":"https:\/\/schody-loftowe.pl\/index.php?rest_route=\/wp\/v2\/pages\/61","targetHints":{"allow":["GET"]}}],"collection":[{"href":"https:\/\/schody-loftowe.pl\/index.php?rest_route=\/wp\/v2\/pages"}],"about":[{"href":"https:\/\/schody-loftowe.pl\/index.php?rest_route=\/wp\/v2\/types\/page"}],"author":[{"embeddable":true,"href":"https:\/\/schody-loftowe.pl\/index.php?rest_route=\/wp\/v2\/users\/1"}],"replies":[{"embeddable":true,"href":"https:\/\/schody-loftowe.pl\/index.php?rest_route=%2Fwp%2Fv2%2Fcomments&post=61"}],"version-history":[{"count":2,"href":"https:\/\/schody-loftowe.pl\/index.php?rest_route=\/wp\/v2\/pages\/61\/revisions"}],"predecessor-version":[{"id":69,"href":"https:\/\/schody-loftowe.pl\/index.php?rest_route=\/wp\/v2\/pages\/61\/revisions\/69"}],"wp:attachment":[{"href":"https:\/\/schody-loftowe.pl\/index.php?rest_route=%2Fwp%2Fv2%2Fmedia&parent=61"}],"curies":[{"name":"wp","href":"https:\/\/api.w.org\/{rel}","templated":true}]}}